{"id":251,"date":"2014-03-17T22:10:58","date_gmt":"2014-03-17T21:10:58","guid":{"rendered":"http:\/\/localhost\/tacetwp\/?post_type=product&#038;p=251"},"modified":"2025-11-19T23:16:32","modified_gmt":"2025-11-19T22:16:32","slug":"auryns-haydn-op-20-2","status":"publish","type":"product","link":"https:\/\/www.tacet.de\/de_de\/produkt\/auryns-haydn-op-20-2\/","title":{"rendered":"187 Blu-ray \/ Auryn&#8217;s Haydn: op. 20"},"content":{"rendered":"<p>Wie l\u00e4sst sich H\u00f6rern Musik noch n\u00e4her bringen? TACET ist die deutsche Tontr\u00e4gerfirma, die am nachhaltigsten mit allen Arten von Ton-Scheiben experimentiert. Au\u00dfer den Stereo-Medien CD und LP bietet das audiophile Label SACD, DVD-Audio und Blu-ray Audio mit Mehrkanal-Surround-Aufnahmen an. Die Blu-ray kommt auf der Heimkinoanlage zum Zuge und l\u00e4sst die Wahl zwischen Zweikanal- und Sechskanalversion. Sie hat Platz f\u00fcr rund zweieinhalb Stunden Musik. Der Bildschirm zeigt nur die Titelliste, kann also dunkel bleiben. Daf\u00fcr aber erf\u00fcllt die Musik den Raum in unerh\u00f6rter Weise. Nach Mozart mit der als &#8222;Gran Partita&#8220; bekannten Bl\u00e4ser-Serenade sowie Ravel unter anderem mit Bolero, Pavane und Tzigane legt TACET nun den mehrfach preisekr\u00f6nten Zyklus mit Haydns Streichquartetten nach. Zuletzt erschienen die sechs Meisterwerke Opus 76, inklusive des sogenannten Kaiser-Quartetts: Der H\u00f6rer sitzt hier zwischen den Instrumenten, hat die Geigen vor, Bratsche und Cello hinter sich. Es sei denn, er dreht sich um. Hier ist der Kunde buchst\u00e4blich Kaiser. (S\u00e4chsische Zeitung Dresden)<\/p>\n","protected":false},"excerpt":{"rendered":"<p id=\"caps\">The Auryn Series<\/p>\n<h2><b>Auryn&#8217;s Haydn: op. 20<\/b><\/h2>\n<p>Joseph Haydn<br \/>\nString Quartets \u00b7 Vol. 5 of 14<br \/>\nop. 20, nos. 1 &#8211; 6<br \/>\nAuryn Quartet<br \/>\n<i>TACET Real Surround Sound &amp; Stereo<\/i><\/p>\n<p>EAN\/barcode:\u00a04009850018759<\/p>\n<p><a href=\"https:\/\/partner.jpc.de\/go.cgi?pid=85&amp;subid=01875&amp;wmid=cc&amp;cpid=1&amp;target=https:\/\/www.jpc.de\/jpcng\/home\/detail\/-\/hnum\/4228017\"><button class=\"jpcbutton\">Bei JPC bestellen<\/button><\/a><\/p>\n<p><a href=\"https:\/\/www.tacet.de\/wp-content\/uploads\/2023\/03\/4009850018728_Booklet.pdf\">187 Booklet<\/a><\/p>\n<p>&nbsp;<\/p>\n<p><a href=\"https:\/\/audiofiles.tacet.de\/shop\/187-haydn-string-quartets-vol-5-of-14-op-20-nos-1-6\/\" target=\"_blank\" rel=\"noopener\">Diese Produktion als Download kaufen (nur Mehrkanal)<\/a><\/p>\n","protected":false},"featured_media":1710,"comment_status":"open","ping_status":"closed","template":"","meta":{"_seopress_robots_primary_cat":"none","_seopress_titles_title":"","_seopress_titles_desc":"","_seopress_robots_index":"","ocean_post_layout":"","ocean_both_sidebars_style":"","ocean_both_sidebars_content_width":0,"ocean_both_sidebars_sidebars_width":0,"ocean_sidebar":"0","ocean_second_sidebar":"0","ocean_disable_margins":"enable","ocean_add_body_class":"","ocean_shortcode_before_top_bar":"","ocean_shortcode_after_top_bar":"","ocean_shortcode_before_header":"","ocean_shortcode_after_header":"","ocean_has_shortcode":"","ocean_shortcode_after_title":"","ocean_shortcode_before_footer_widgets":"","ocean_shortcode_after_footer_widgets":"","ocean_shortcode_before_footer_bottom":"","ocean_shortcode_after_footer_bottom":"","ocean_display_top_bar":"default","ocean_display_header":"default","ocean_header_style":"","ocean_center_header_left_menu":"0","ocean_custom_header_template":"0","ocean_custom_logo":0,"ocean_custom_retina_logo":0,"ocean_custom_logo_max_width":0,"ocean_custom_logo_tablet_max_width":0,"ocean_custom_logo_mobile_max_width":0,"ocean_custom_logo_max_height":0,"ocean_custom_logo_tablet_max_height":0,"ocean_custom_logo_mobile_max_height":0,"ocean_header_custom_menu":"0","ocean_menu_typo_font_family":"0","ocean_menu_typo_font_subset":"","ocean_menu_typo_font_size":0,"ocean_menu_typo_font_size_tablet":0,"ocean_menu_typo_font_size_mobile":0,"ocean_menu_typo_font_size_unit":"px","ocean_menu_typo_font_weight":"","ocean_menu_typo_font_weight_tablet":"","ocean_menu_typo_font_weight_mobile":"","ocean_menu_typo_transform":"","ocean_menu_typo_transform_tablet":"","ocean_menu_typo_transform_mobile":"","ocean_menu_typo_line_height":0,"ocean_menu_typo_line_height_tablet":0,"ocean_menu_typo_line_height_mobile":0,"ocean_menu_typo_line_height_unit":"","ocean_menu_typo_spacing":0,"ocean_menu_typo_spacing_tablet":0,"ocean_menu_typo_spacing_mobile":0,"ocean_menu_typo_spacing_unit":"","ocean_menu_link_color":"","ocean_menu_link_color_hover":"","ocean_menu_link_color_active":"","ocean_menu_link_background":"","ocean_menu_link_hover_background":"","ocean_menu_link_active_background":"","ocean_menu_social_links_bg":"","ocean_menu_social_hover_links_bg":"","ocean_menu_social_links_color":"","ocean_menu_social_hover_links_color":"","ocean_disable_title":"default","ocean_disable_heading":"default","ocean_post_title":"","ocean_post_subheading":"","ocean_post_title_style":"","ocean_post_title_background_color":"","ocean_post_title_background":0,"ocean_post_title_bg_image_position":"","ocean_post_title_bg_image_attachment":"","ocean_post_title_bg_image_repeat":"","ocean_post_title_bg_image_size":"","ocean_post_title_height":0,"ocean_post_title_bg_overlay":0.5,"ocean_post_title_bg_overlay_color":"","ocean_disable_breadcrumbs":"default","ocean_breadcrumbs_color":"","ocean_breadcrumbs_separator_color":"","ocean_breadcrumbs_links_color":"","ocean_breadcrumbs_links_hover_color":"","ocean_display_footer_widgets":"default","ocean_display_footer_bottom":"default","ocean_custom_footer_template":"0","omw_enable_modal_window":"enable","ofc_meta_disable_footer_callout":"","ofc_meta_callout_button_url":"","ofc_meta_callout_button_txt":"","ofc_meta_callout_text":"","osh_disable_topbar_sticky":"default","osh_disable_header_sticky":"default","osh_sticky_header_style":"default","osh_sticky_header_effect":"","osh_custom_sticky_logo":0,"osh_custom_retina_sticky_logo":0,"osh_custom_sticky_logo_height":0,"osh_background_color":"","osh_links_color":"","osh_links_hover_color":"","osh_links_active_color":"","osh_links_bg_color":"","osh_links_hover_bg_color":"","osh_links_active_bg_color":"","osh_menu_social_links_color":"","osh_menu_social_hover_links_color":""},"product_brand":[423],"product_cat":[161],"product_tag":[163,162,153,152,151,172,25,24],"class_list":{"0":"post-251","1":"product","2":"type-product","3":"status-publish","4":"has-post-thumbnail","6":"product_brand-tacet","7":"product_cat-blu-ray","8":"product_tag-blu-ray","9":"product_tag-bluray","10":"product_tag-mehrkanal","11":"product_tag-multi-channel","12":"product_tag-multichannel","13":"product_tag-pure-audio","14":"product_tag-quatuor-a-cordes","15":"product_tag-streichquartett","17":"entry","18":"has-media","20":"first","21":"instock","22":"shipping-taxable","23":"product-type-simple","24":"has-product-nav","25":"col","26":"span_1_of_4","27":"owp-content-center","28":"owp-thumbs-layout-horizontal","29":"owp-btn-normal","30":"owp-tabs-layout-horizontal"},"_links":{"self":[{"href":"https:\/\/www.tacet.de\/de_de\/wp-json\/wp\/v2\/product\/251","targetHints":{"allow":["GET"]}}],"collection":[{"href":"https:\/\/www.tacet.de\/de_de\/wp-json\/wp\/v2\/product"}],"about":[{"href":"https:\/\/www.tacet.de\/de_de\/wp-json\/wp\/v2\/types\/product"}],"replies":[{"embeddable":true,"href":"https:\/\/www.tacet.de\/de_de\/wp-json\/wp\/v2\/comments?post=251"}],"version-history":[{"count":0,"href":"https:\/\/www.tacet.de\/de_de\/wp-json\/wp\/v2\/product\/251\/revisions"}],"wp:featuredmedia":[{"embeddable":true,"href":"https:\/\/www.tacet.de\/de_de\/wp-json\/wp\/v2\/media\/1710"}],"wp:attachment":[{"href":"https:\/\/www.tacet.de\/de_de\/wp-json\/wp\/v2\/media?parent=251"}],"wp:term":[{"taxonomy":"product_brand","embeddable":true,"href":"https:\/\/www.tacet.de\/de_de\/wp-json\/wp\/v2\/product_brand?post=251"},{"taxonomy":"product_cat","embeddable":true,"href":"https:\/\/www.tacet.de\/de_de\/wp-json\/wp\/v2\/product_cat?post=251"},{"taxonomy":"product_tag","embeddable":true,"href":"https:\/\/www.tacet.de\/de_de\/wp-json\/wp\/v2\/product_tag?post=251"}],"curies":[{"name":"wp","href":"https:\/\/api.w.org\/{rel}","templated":true}]}}